{"id":165,"date":"2025-02-28T12:32:49","date_gmt":"2025-02-28T12:32:49","guid":{"rendered":"https:\/\/grupoaimg.com\/?page_id=165"},"modified":"2025-03-03T09:41:34","modified_gmt":"2025-03-03T09:41:34","slug":"privacy-policy-2","status":"publish","type":"page","link":"https:\/\/grupoaimg.com\/?page_id=165","title":{"rendered":"Privacy Policy"},"content":{"rendered":"\t\t<div data-elementor-type=\"wp-page\" data-elementor-id=\"165\" class=\"elementor elementor-165\" data-elementor-post-type=\"page\">\n\t\t\t\t\t\t<section class=\"elementor-section elementor-top-section elementor-element elementor-element-424f6c7 elementor-section-height-min-height elementor-section-boxed elementor-section-height-default elementor-section-items-middle\" data-id=\"424f6c7\" data-element_type=\"section\" data-settings=\"{&quot;background_background&quot;:&quot;classic&quot;}\">\n\t\t\t\t\t\t\t<div class=\"elementor-background-overlay\"><\/div>\n\t\t\t\t\t\t\t<div class=\"elementor-container elementor-column-gap-default\">\n\t\t\t\t\t<div class=\"elementor-column elementor-col-100 elementor-top-column elementor-element elementor-element-4ffb689\" data-id=\"4ffb689\" data-element_type=\"column\" data-settings=\"{&quot;background_background&quot;:&quot;slideshow&quot;,&quot;background_slideshow_gallery&quot;:[],&quot;background_slideshow_loop&quot;:&quot;yes&quot;,&quot;background_slideshow_slide_duration&quot;:5000,&quot;background_slideshow_slide_transition&quot;:&quot;fade&quot;,&quot;background_slideshow_transition_duration&quot;:500}\">\n\t\t\t<div class=\"elementor-widget-wrap elementor-element-populated\">\n\t\t\t\t\t\t<div class=\"elementor-element elementor-element-b7efd37 elementor-widget elementor-widget-text-editor\" data-id=\"b7efd37\" data-element_type=\"widget\" data-widget_type=\"text-editor.default\">\n\t\t\t\t<div class=\"elementor-widget-container\">\n\t\t\t\t\t\t\t\t\t<p>PRIVACY POLICY<\/p>\t\t\t\t\t\t\t\t<\/div>\n\t\t\t\t<\/div>\n\t\t\t\t<div class=\"elementor-element elementor-element-eeeaa02 elementor-widget elementor-widget-heading\" data-id=\"eeeaa02\" data-element_type=\"widget\" data-widget_type=\"heading.default\">\n\t\t\t\t<div class=\"elementor-widget-container\">\n\t\t\t\t\t<h1 class=\"elementor-heading-title elementor-size-default\">Pol\u00edtica de Privacidad<\/h1>\t\t\t\t<\/div>\n\t\t\t\t<\/div>\n\t\t\t\t<div class=\"elementor-element elementor-element-fa8d054 elementor-widget elementor-widget-text-editor\" data-id=\"fa8d054\" data-element_type=\"widget\" data-widget_type=\"text-editor.default\">\n\t\t\t\t<div class=\"elementor-widget-container\">\n\t\t\t\t\t\t\t\t\t<p>Pol\u00edtica de Privacidad, los T\u00e9rminos y Condiciones y la Pol\u00edtica de Cookies<\/p>\t\t\t\t\t\t\t\t<\/div>\n\t\t\t\t<\/div>\n\t\t\t\t\t<\/div>\n\t\t<\/div>\n\t\t\t\t\t<\/div>\n\t\t<\/section>\n\t\t\t\t<section class=\"elementor-section elementor-top-section elementor-element elementor-element-8528651 elementor-section-height-min-height elementor-section-boxed elementor-section-height-default elementor-section-items-middle\" data-id=\"8528651\" data-element_type=\"section\" data-settings=\"{&quot;background_background&quot;:&quot;classic&quot;}\">\n\t\t\t\t\t\t\t<div class=\"elementor-background-overlay\"><\/div>\n\t\t\t\t\t\t\t<div class=\"elementor-container elementor-column-gap-default\">\n\t\t\t\t\t<div class=\"elementor-column elementor-col-100 elementor-top-column elementor-element elementor-element-b5da3d2\" data-id=\"b5da3d2\" data-element_type=\"column\" data-settings=\"{&quot;background_background&quot;:&quot;classic&quot;}\">\n\t\t\t<div class=\"elementor-widget-wrap elementor-element-populated\">\n\t\t\t\t\t\t<div class=\"elementor-element elementor-element-db08f16 elementor-widget elementor-widget-text-editor\" data-id=\"db08f16\" data-element_type=\"widget\" data-widget_type=\"text-editor.default\">\n\t\t\t\t<div class=\"elementor-widget-container\">\n\t\t\t\t\t\t\t\t\t<p><strong>1. Informaci\u00f3n General<\/strong><\/p><p>Identidad del Proveedor: Este sitio web es propiedad y est\u00e1 operado por Grupo AIMG. Al acceder a este sitio, el usuario acepta los t\u00e9rminos y condiciones establecidos en el presente documento.<\/p><p>Objeto del Sitio Web: Este sitio web proporciona informaci\u00f3n sobre los servicios de outsourcing y Facility Management ofrecidos por Grupo AIMG.<\/p><p><strong>2. Condiciones de Uso<\/strong><\/p><p>Los usuarios se comprometen a utilizar el sitio web de manera responsable y a no participar en ninguna actividad que pueda da\u00f1ar, sobrecargar o afectar su funcionalidad.<\/p><p>Queda prohibido el uso de cualquier contenido del sitio web sin la autorizaci\u00f3n previa y por escrito de Grupo AIMG.<\/p><p><strong>3. Propiedad Intelectual<\/strong><\/p><p>Todos los contenidos, textos, im\u00e1genes, gr\u00e1ficos, logotipos y otros materiales presentes en el sitio web son propiedad de Grupo AIMG y est\u00e1n protegidos por las leyes de propiedad intelectual. Queda prohibida su reproducci\u00f3n, distribuci\u00f3n, comunicaci\u00f3n p\u00fablica o transformaci\u00f3n sin autorizaci\u00f3n expresa.<\/p><p><strong>4. Exclusi\u00f3n de Responsabilidad<\/strong><\/p><p>Grupo AIMG no se hace responsable de posibles da\u00f1os derivados de la interrupci\u00f3n del sitio, errores en el contenido, o el uso indebido del sitio web por parte de los usuarios.<\/p><p><strong>5. Modificaciones de los T\u00e9rminos y Condiciones<\/strong><\/p><p>Grupo AIMG se reserva el derecho de modificar estos t\u00e9rminos y condiciones en cualquier momento. Los cambios se publicar\u00e1n en esta misma p\u00e1gina y tendr\u00e1n efecto desde el momento de su publicaci\u00f3n.<\/p><p><strong>6. Jurisdicci\u00f3n y Legislaci\u00f3n Aplicable<\/strong><\/p><p>Estos t\u00e9rminos se regir\u00e1n e interpretar\u00e1n conforme a las leyes del pa\u00eds en el que Grupo AIMG tiene su sede. Cualquier conflicto ser\u00e1 sometido a la jurisdicci\u00f3n de los tribunales competentes en dicha jurisdicci\u00f3n.<\/p>\t\t\t\t\t\t\t\t<\/div>\n\t\t\t\t<\/div>\n\t\t\t\t\t<\/div>\n\t\t<\/div>\n\t\t\t\t\t<\/div>\n\t\t<\/section>\n\t\t<div class=\"elementor-element elementor-element-3d5966b e-flex e-con-boxed e-con e-parent\" data-id=\"3d5966b\" data-element_type=\"container\" data-settings=\"{&quot;background_background&quot;:&quot;classic&quot;}\">\n\t\t\t\t\t<div class=\"e-con-inner\">\n\t\t\t\t\t<\/div>\n\t\t\t\t<\/div>\n\t\t\t\t<section class=\"elementor-section elementor-top-section elementor-element elementor-element-7c99a62 elementor-section-height-min-height elementor-section-boxed elementor-section-height-default elementor-section-items-middle\" data-id=\"7c99a62\" data-element_type=\"section\" data-settings=\"{&quot;background_background&quot;:&quot;classic&quot;}\">\n\t\t\t\t\t\t\t<div class=\"elementor-background-overlay\"><\/div>\n\t\t\t\t\t\t\t<div class=\"elementor-container elementor-column-gap-default\">\n\t\t\t\t\t<div class=\"elementor-column elementor-col-100 elementor-top-column elementor-element elementor-element-c64f804\" data-id=\"c64f804\" data-element_type=\"column\" data-settings=\"{&quot;background_background&quot;:&quot;classic&quot;}\">\n\t\t\t<div class=\"elementor-widget-wrap elementor-element-populated\">\n\t\t\t\t\t\t<div class=\"elementor-element elementor-element-f7d59e9 elementor-widget elementor-widget-text-editor\" data-id=\"f7d59e9\" data-element_type=\"widget\" data-widget_type=\"text-editor.default\">\n\t\t\t\t<div class=\"elementor-widget-container\">\n\t\t\t\t\t\t\t\t\t<p><strong>Pol\u00edtica de Privacidad<\/strong><\/p><p>For the purposes of proper functioning, statistics and advertising, websites may use cookies. You can manage cookies from your browser for any website. More information on the conditions for storing or accessing cookies can be found in the privacy policy.<\/p><p><strong>Pol\u00edtica de Cookies<\/strong><\/p><p>1. Qu\u00e9 Son las Cookies<br \/>Las cookies son peque\u00f1os archivos de texto que se almacenan en el dispositivo del usuario al visitar un sitio web. Estas permiten recordar preferencias y mejorar la experiencia de navegaci\u00f3n en futuras visitas.<\/p><p>2. Tipos de Cookies Utilizadas<br \/>Cookies T\u00e9cnicas: Son necesarias para el funcionamiento del sitio web y para proporcionar los servicios solicitados por el usuario.<br \/>Cookies de Personalizaci\u00f3n: Permiten recordar preferencias y configuraciones espec\u00edficas del usuario, como el idioma o la regi\u00f3n.<br \/>Cookies Anal\u00edticas: Recopilan datos an\u00f3nimos de navegaci\u00f3n para mejorar la experiencia del usuario y optimizar el sitio web.<br \/>Cookies de Publicidad: Permiten gestionar de manera eficaz los espacios publicitarios y mostrar anuncios personalizados seg\u00fan el perfil del usuario.<\/p><p>3. Gesti\u00f3n de Cookies<br \/>Al acceder a nuestro sitio web, el usuario puede aceptar o rechazar el uso de cookies a trav\u00e9s del banner de cookies. Esta configuraci\u00f3n tambi\u00e9n puede modificarse en cualquier momento en la secci\u00f3n de ajustes de su navegador.<br \/>Tambi\u00e9n es posible configurar el navegador para rechazar o eliminar cookies en cualquier momento. Sin embargo, esto puede afectar el correcto funcionamiento de algunas funcionalidades del sitio.<\/p><p>4. Cookies de Terceros<br \/>Este sitio web puede utilizar cookies de terceros, como Google Analytics, para recopilar informaci\u00f3n an\u00f3nima sobre el uso del sitio web. Las pol\u00edticas de cookies de estos servicios externos se encuentran en sus respectivas p\u00e1ginas web.<\/p><p>5. Modificaciones de la Pol\u00edtica de Cookies<br \/>Grupo AIMG se reserva el derecho de modificar esta Pol\u00edtica de Cookies en cualquier momento. Cualquier cambio se publicar\u00e1 en esta p\u00e1gina y ser\u00e1 efectivo desde el momento de su publicaci\u00f3n.<\/p>\t\t\t\t\t\t\t\t<\/div>\n\t\t\t\t<\/div>\n\t\t\t\t\t<\/div>\n\t\t<\/div>\n\t\t\t\t\t<\/div>\n\t\t<\/section>\n\t\t\t\t<\/div>\n\t\t","protected":false},"excerpt":{"rendered":"<p>PRIVACY POLICY Pol\u00edtica de Privacidad Pol\u00edtica de Privacidad, los T\u00e9rminos y Condiciones y la Pol\u00edtica de Cookies 1. Informaci\u00f3n General [&hellip;]<\/p>\n","protected":false},"author":2,"featured_media":0,"parent":0,"menu_order":0,"comment_status":"closed","ping_status":"closed","template":"","meta":{"site-sidebar-layout":"no-sidebar","site-content-layout":"","ast-site-content-layout":"full-width-container","site-content-style":"default","site-sidebar-style":"default","ast-global-header-display":"","ast-banner-title-visibility":"","ast-main-header-display":"","ast-hfb-above-header-display":"","ast-hfb-below-header-display":"","ast-hfb-mobile-header-display":"","site-post-title":"disabled","ast-breadcrumbs-content":"","ast-featured-img":"disabled","footer-sml-layout":"","theme-transparent-header-meta":"","adv-header-id-meta":"","stick-header-meta":"","header-above-stick-meta":"","header-main-stick-meta":"","header-below-stick-meta":"","astra-migrate-meta-layouts":"default","ast-page-background-enabled":"default","ast-page-background-meta":{"desktop":{"background-color":"var(--ast-global-color-5)","background-image":"","background-repeat":"repeat","background-position":"center center","background-size":"auto","background-attachment":"scroll","background-type":"","background-media":"","overlay-type":"","overlay-color":"","overlay-opacity":"","overlay-gradient":""},"tablet":{"background-color":"","background-image":"","background-repeat":"repeat","background-position":"center center","background-size":"auto","background-attachment":"scroll","background-type":"","background-media":"","overlay-type":"","overlay-color":"","overlay-opacity":"","overlay-gradient":""},"mobile":{"background-color":"","background-image":"","background-repeat":"repeat","background-position":"center center","background-size":"auto","background-attachment":"scroll","background-type":"","background-media":"","overlay-type":"","overlay-color":"","overlay-opacity":"","overlay-gradient":""}},"ast-content-background-meta":{"desktop":{"background-color":"var(--ast-global-color-4)","background-image":"","background-repeat":"repeat","background-position":"center center","background-size":"auto","background-attachment":"scroll","background-type":"","background-media":"","overlay-type":"","overlay-color":"","overlay-opacity":"","overlay-gradient":""},"tablet":{"background-color":"var(--ast-global-color-4)","background-image":"","background-repeat":"repeat","background-position":"center center","background-size":"auto","background-attachment":"scroll","background-type":"","background-media":"","overlay-type":"","overlay-color":"","overlay-opacity":"","overlay-gradient":""},"mobile":{"background-color":"var(--ast-global-color-4)","background-image":"","background-repeat":"repeat","background-position":"center center","background-size":"auto","background-attachment":"scroll","background-type":"","background-media":"","overlay-type":"","overlay-color":"","overlay-opacity":"","overlay-gradient":""}},"footnotes":""},"class_list":["post-165","page","type-page","status-publish","hentry"],"yoast_head":"<!-- This site is optimized with the Yoast SEO plugin v24.6 - https:\/\/yoast.com\/wordpress\/plugins\/seo\/ -->\n<title>Privacy Policy - GrupoAimg<\/title>\n<meta name=\"robots\" content=\"index, follow, max-snippet:-1, max-image-preview:large, max-video-preview:-1\" \/>\n<link rel=\"canonical\" href=\"https:\/\/grupoaimg.com\/?page_id=165\" \/>\n<meta property=\"og:locale\" content=\"es_ES\" \/>\n<meta property=\"og:type\" content=\"article\" \/>\n<meta property=\"og:title\" content=\"Privacy Policy - GrupoAimg\" \/>\n<meta property=\"og:description\" content=\"PRIVACY POLICY Pol\u00edtica de Privacidad Pol\u00edtica de Privacidad, los T\u00e9rminos y Condiciones y la Pol\u00edtica de Cookies 1. Informaci\u00f3n General [&hellip;]\" \/>\n<meta property=\"og:url\" content=\"https:\/\/grupoaimg.com\/?page_id=165\" \/>\n<meta property=\"og:site_name\" content=\"GrupoAimg\" \/>\n<meta property=\"article:modified_time\" content=\"2025-03-03T09:41:34+00:00\" \/>\n<meta name=\"twitter:card\" content=\"summary_large_image\" \/>\n<meta name=\"twitter:label1\" content=\"Tiempo de lectura\" \/>\n\t<meta name=\"twitter:data1\" content=\"3 minutos\" \/>\n<script type=\"application\/ld+json\" class=\"yoast-schema-graph\">{\"@context\":\"https:\/\/schema.org\",\"@graph\":[{\"@type\":\"WebPage\",\"@id\":\"https:\/\/grupoaimg.com\/?page_id=165\",\"url\":\"https:\/\/grupoaimg.com\/?page_id=165\",\"name\":\"Privacy Policy - GrupoAimg\",\"isPartOf\":{\"@id\":\"https:\/\/grupoaimg.com\/#website\"},\"datePublished\":\"2025-02-28T12:32:49+00:00\",\"dateModified\":\"2025-03-03T09:41:34+00:00\",\"breadcrumb\":{\"@id\":\"https:\/\/grupoaimg.com\/?page_id=165#breadcrumb\"},\"inLanguage\":\"es\",\"potentialAction\":[{\"@type\":\"ReadAction\",\"target\":[\"https:\/\/grupoaimg.com\/?page_id=165\"]}]},{\"@type\":\"BreadcrumbList\",\"@id\":\"https:\/\/grupoaimg.com\/?page_id=165#breadcrumb\",\"itemListElement\":[{\"@type\":\"ListItem\",\"position\":1,\"name\":\"Home\",\"item\":\"https:\/\/grupoaimg.com\/\"},{\"@type\":\"ListItem\",\"position\":2,\"name\":\"Privacy Policy\"}]},{\"@type\":\"WebSite\",\"@id\":\"https:\/\/grupoaimg.com\/#website\",\"url\":\"https:\/\/grupoaimg.com\/\",\"name\":\"GrupoAimg\",\"description\":\"AIMG - Comunidad de innovaci\u00f3n y colaboraci\u00f3n. Conectamos talento, impulsamos proyectos y fomentamos el crecimiento. \u00a1\u00danete a nosotros!\",\"publisher\":{\"@id\":\"https:\/\/grupoaimg.com\/#organization\"},\"potentialAction\":[{\"@type\":\"SearchAction\",\"target\":{\"@type\":\"EntryPoint\",\"urlTemplate\":\"https:\/\/grupoaimg.com\/?s={search_term_string}\"},\"query-input\":{\"@type\":\"PropertyValueSpecification\",\"valueRequired\":true,\"valueName\":\"search_term_string\"}}],\"inLanguage\":\"es\"},{\"@type\":\"Organization\",\"@id\":\"https:\/\/grupoaimg.com\/#organization\",\"name\":\"GrupoAimg\",\"url\":\"https:\/\/grupoaimg.com\/\",\"logo\":{\"@type\":\"ImageObject\",\"inLanguage\":\"es\",\"@id\":\"https:\/\/grupoaimg.com\/#\/schema\/logo\/image\/\",\"url\":\"https:\/\/grupoaimg.com\/wp-content\/uploads\/2025\/02\/logotipo_grupo_aimg-e1740571390560.webp\",\"contentUrl\":\"https:\/\/grupoaimg.com\/wp-content\/uploads\/2025\/02\/logotipo_grupo_aimg-e1740571390560.webp\",\"width\":375,\"height\":138,\"caption\":\"GrupoAimg\"},\"image\":{\"@id\":\"https:\/\/grupoaimg.com\/#\/schema\/logo\/image\/\"}}]}<\/script>\n<!-- \/ Yoast SEO plugin. -->","yoast_head_json":{"title":"Privacy Policy - GrupoAimg","robots":{"index":"index","follow":"follow","max-snippet":"max-snippet:-1","max-image-preview":"max-image-preview:large","max-video-preview":"max-video-preview:-1"},"canonical":"https:\/\/grupoaimg.com\/?page_id=165","og_locale":"es_ES","og_type":"article","og_title":"Privacy Policy - GrupoAimg","og_description":"PRIVACY POLICY Pol\u00edtica de Privacidad Pol\u00edtica de Privacidad, los T\u00e9rminos y Condiciones y la Pol\u00edtica de Cookies 1. Informaci\u00f3n General [&hellip;]","og_url":"https:\/\/grupoaimg.com\/?page_id=165","og_site_name":"GrupoAimg","article_modified_time":"2025-03-03T09:41:34+00:00","twitter_card":"summary_large_image","twitter_misc":{"Tiempo de lectura":"3 minutos"},"schema":{"@context":"https:\/\/schema.org","@graph":[{"@type":"WebPage","@id":"https:\/\/grupoaimg.com\/?page_id=165","url":"https:\/\/grupoaimg.com\/?page_id=165","name":"Privacy Policy - GrupoAimg","isPartOf":{"@id":"https:\/\/grupoaimg.com\/#website"},"datePublished":"2025-02-28T12:32:49+00:00","dateModified":"2025-03-03T09:41:34+00:00","breadcrumb":{"@id":"https:\/\/grupoaimg.com\/?page_id=165#breadcrumb"},"inLanguage":"es","potentialAction":[{"@type":"ReadAction","target":["https:\/\/grupoaimg.com\/?page_id=165"]}]},{"@type":"BreadcrumbList","@id":"https:\/\/grupoaimg.com\/?page_id=165#breadcrumb","itemListElement":[{"@type":"ListItem","position":1,"name":"Home","item":"https:\/\/grupoaimg.com\/"},{"@type":"ListItem","position":2,"name":"Privacy Policy"}]},{"@type":"WebSite","@id":"https:\/\/grupoaimg.com\/#website","url":"https:\/\/grupoaimg.com\/","name":"GrupoAimg","description":"AIMG - Comunidad de innovaci\u00f3n y colaboraci\u00f3n. Conectamos talento, impulsamos proyectos y fomentamos el crecimiento. \u00a1\u00danete a nosotros!","publisher":{"@id":"https:\/\/grupoaimg.com\/#organization"},"potentialAction":[{"@type":"SearchAction","target":{"@type":"EntryPoint","urlTemplate":"https:\/\/grupoaimg.com\/?s={search_term_string}"},"query-input":{"@type":"PropertyValueSpecification","valueRequired":true,"valueName":"search_term_string"}}],"inLanguage":"es"},{"@type":"Organization","@id":"https:\/\/grupoaimg.com\/#organization","name":"GrupoAimg","url":"https:\/\/grupoaimg.com\/","logo":{"@type":"ImageObject","inLanguage":"es","@id":"https:\/\/grupoaimg.com\/#\/schema\/logo\/image\/","url":"https:\/\/grupoaimg.com\/wp-content\/uploads\/2025\/02\/logotipo_grupo_aimg-e1740571390560.webp","contentUrl":"https:\/\/grupoaimg.com\/wp-content\/uploads\/2025\/02\/logotipo_grupo_aimg-e1740571390560.webp","width":375,"height":138,"caption":"GrupoAimg"},"image":{"@id":"https:\/\/grupoaimg.com\/#\/schema\/logo\/image\/"}}]}},"_links":{"self":[{"href":"https:\/\/grupoaimg.com\/index.php?rest_route=\/wp\/v2\/pages\/165","targetHints":{"allow":["GET"]}}],"collection":[{"href":"https:\/\/grupoaimg.com\/index.php?rest_route=\/wp\/v2\/pages"}],"about":[{"href":"https:\/\/grupoaimg.com\/index.php?rest_route=\/wp\/v2\/types\/page"}],"author":[{"embeddable":true,"href":"https:\/\/grupoaimg.com\/index.php?rest_route=\/wp\/v2\/users\/2"}],"replies":[{"embeddable":true,"href":"https:\/\/grupoaimg.com\/index.php?rest_route=%2Fwp%2Fv2%2Fcomments&post=165"}],"version-history":[{"count":7,"href":"https:\/\/grupoaimg.com\/index.php?rest_route=\/wp\/v2\/pages\/165\/revisions"}],"predecessor-version":[{"id":173,"href":"https:\/\/grupoaimg.com\/index.php?rest_route=\/wp\/v2\/pages\/165\/revisions\/173"}],"wp:attachment":[{"href":"https:\/\/grupoaimg.com\/index.php?rest_route=%2Fwp%2Fv2%2Fmedia&parent=165"}],"curies":[{"name":"wp","href":"https:\/\/api.w.org\/{rel}","templated":true}]}}